{"id":1231,"date":"2024-09-03T19:03:48","date_gmt":"2024-09-03T23:03:48","guid":{"rendered":"https:\/\/altiushc.acxcomdev.com\/partenaires\/"},"modified":"2024-11-14T12:43:48","modified_gmt":"2024-11-14T17:43:48","slug":"partenaires","status":"publish","type":"page","link":"https:\/\/altiushealthcare.ca\/fr\/partenaires\/","title":{"rendered":"Partenaires"},"content":{"rendered":"<p>[et_pb_section fb_built=\u00a0\u00bb1&Prime; _builder_version=\u00a0\u00bb4.27.0&Prime; _module_preset=\u00a0\u00bbdefault\u00a0\u00bb use_background_color_gradient=\u00a0\u00bbon\u00a0\u00bb background_color_gradient_stops=\u00a0\u00bbrgba(0,0,0,0) 0%|rgba(0,7,23,0.82) 78%|#00091f 94%\u00a0\u00bb background_color_gradient_overlays_image=\u00a0\u00bbon\u00a0\u00bb background_image=\u00a0\u00bbhttps:\/\/altiushealthcare.ca\/wp-content\/uploads\/2024\/09\/banner-pharma-altius-3.png\u00a0\u00bb custom_padding=\u00a0\u00bb10px|0px|10px||true|false\u00a0\u00bb global_colors_info=\u00a0\u00bb{}\u00a0\u00bb][et_pb_row _builder_version=\u00a0\u00bb4.27.0&Prime; _module_preset=\u00a0\u00bbdefault\u00a0\u00bb width=\u00a0\u00bb90%\u00a0\u00bb max_width=\u00a0\u00bb90%\u00a0\u00bb global_colors_info=\u00a0\u00bb{}\u00a0\u00bb][et_pb_column type=\u00a0\u00bb4_4&Prime; _builder_version=\u00a0\u00bb4.27.0&Prime; _module_preset=\u00a0\u00bbdefault\u00a0\u00bb global_colors_info=\u00a0\u00bb{}\u00a0\u00bb][et_pb_post_title meta=\u00a0\u00bboff\u00a0\u00bb featured_image=\u00a0\u00bboff\u00a0\u00bb _builder_version=\u00a0\u00bb4.27.0&Prime; _module_preset=\u00a0\u00bbdefault\u00a0\u00bb title_font=\u00a0\u00bb|300|||||||\u00a0\u00bb title_text_color=\u00a0\u00bb#FFFFFF\u00a0\u00bb title_font_size=\u00a0\u00bb44px\u00a0\u00bb global_colors_info=\u00a0\u00bb{}\u00a0\u00bb][\/et_pb_post_title][\/et_pb_column][\/et_pb_row][\/et_pb_section][et_pb_section fb_built=\u00a0\u00bb1&Prime; next_background_color=\u00a0\u00bb#e2e2e2&Prime; _builder_version=\u00a0\u00bb4.27.0&Prime; _module_preset=\u00a0\u00bbdefault\u00a0\u00bb background_color=\u00a0\u00bb#002d74&Prime; use_background_color_gradient=\u00a0\u00bbon\u00a0\u00bb background_color_gradient_stops=\u00a0\u00bb#00081e 0%|#002d74 100%\u00a0\u00bb custom_margin=\u00a0\u00bb||-1px||false|false\u00a0\u00bb custom_padding=\u00a0\u00bb4%||8%||false|false\u00a0\u00bb bottom_divider_style=\u00a0\u00bbramp\u00a0\u00bb global_colors_info=\u00a0\u00bb{}\u00a0\u00bb][et_pb_row make_equal=\u00a0\u00bbon\u00a0\u00bb _builder_version=\u00a0\u00bb4.27.0&Prime; _module_preset=\u00a0\u00bbdefault\u00a0\u00bb global_colors_info=\u00a0\u00bb{}\u00a0\u00bb][et_pb_column type=\u00a0\u00bb4_4&Prime; _builder_version=\u00a0\u00bb4.19.5&Prime; _module_preset=\u00a0\u00bbdefault\u00a0\u00bb global_colors_info=\u00a0\u00bb{}\u00a0\u00bb][et_pb_image src=\u00a0\u00bbhttps:\/\/altiushealthcare.ca\/wp-content\/uploads\/2024\/09\/health-clinic-7.png\u00a0\u00bb title_text=\u00a0\u00bbhealth-clinic-7&Prime; _builder_version=\u00a0\u00bb4.27.0&Prime; _module_preset=\u00a0\u00bbdefault\u00a0\u00bb min_height=\u00a0\u00bb200px\u00a0\u00bb height=\u00a0\u00bb200px\u00a0\u00bb max_height=\u00a0\u00bb12px\u00a0\u00bb custom_margin=\u00a0\u00bb-14px|||-30px|false|false\u00a0\u00bb filter_hue_rotate=\u00a0\u00bb48deg\u00a0\u00bb filter_saturate=\u00a0\u00bb200%\u00a0\u00bb filter_brightness=\u00a0\u00bb200%\u00a0\u00bb filter_opacity=\u00a0\u00bb24%\u00a0\u00bb custom_css_main_element=\u00a0\u00bbposition:absolute;\u00a0\u00bb locked=\u00a0\u00bboff\u00a0\u00bb global_colors_info=\u00a0\u00bb{}\u00a0\u00bb][\/et_pb_image][et_pb_text _builder_version=\u00a0\u00bb4.27.0&Prime; _module_preset=\u00a0\u00bb_initial\u00a0\u00bb header_text_align=\u00a0\u00bbleft\u00a0\u00bb header_text_color=\u00a0\u00bb#FFFFFF\u00a0\u00bb header_2_font=\u00a0\u00bbMontserrat|600||on|||||\u00a0\u00bb header_2_text_align=\u00a0\u00bbleft\u00a0\u00bb header_2_text_color=\u00a0\u00bb#FFFFFF\u00a0\u00bb header_2_font_size=\u00a0\u00bb38px\u00a0\u00bb header_2_line_height=\u00a0\u00bb1.3em\u00a0\u00bb max_width=\u00a0\u00bb100%\u00a0\u00bb module_alignment=\u00a0\u00bbcenter\u00a0\u00bb custom_margin=\u00a0\u00bb||10px||false|false\u00a0\u00bb header_2_font_size_tablet=\u00a0\u00bb32px\u00a0\u00bb header_2_font_size_phone=\u00a0\u00bb20px\u00a0\u00bb header_2_font_size_last_edited=\u00a0\u00bbon|desktop\u00a0\u00bb global_colors_info=\u00a0\u00bb{}\u00a0\u00bb]<\/p>\n<h2>Votre partenaire strat\u00e9gique au Canada<\/h2>\n<p>[\/et_pb_text][et_pb_text _builder_version=\u00a0\u00bb4.27.0&Prime; _module_preset=\u00a0\u00bb_initial\u00a0\u00bb text_font=\u00a0\u00bbMontserrat||||||||\u00a0\u00bb text_text_color=\u00a0\u00bb#FFFFFF\u00a0\u00bb text_font_size=\u00a0\u00bb16px\u00a0\u00bb text_line_height=\u00a0\u00bb1.8em\u00a0\u00bb text_font_size_tablet=\u00a0\u00bb15px\u00a0\u00bb text_font_size_phone=\u00a0\u00bb14px\u00a0\u00bb text_font_size_last_edited=\u00a0\u00bbon|desktop\u00a0\u00bb global_colors_info=\u00a0\u00bb{}\u00a0\u00bb]<\/p>\n<p>Nous avons b\u00e2ti notre entreprise \u00e0 partir d\u2019alliances strat\u00e9giques avec des partenaires pharmaceutiques cl\u00e9s tirant parti de nos ressources, de notre expertise et de nos comp\u00e9tences afin de garantir un acc\u00e8s rapide au march\u00e9 pour nos produits.  Nous agissons comme catalyseur en offrant \u00e0 nos partenaires la meilleure fa\u00e7on de prolonger le cycle de vie de leur m\u00e9dicament de marque apr\u00e8s la perte de l&rsquo;exclusivit\u00e9 de leurs brevets dans le but d\u2019optimiser leurs investissements.  Nous avons une \u00e9quipe agile, rapide et exp\u00e9riment\u00e9e de professionnels qui peuvent s&rsquo;adapter rapidement \u00e0 n&rsquo;importe quelle situation pour obtenir de mani\u00e8res constantes les meilleurs r\u00e9sultats.<\/p>\n<p>[\/et_pb_text][\/et_pb_column][\/et_pb_row][\/et_pb_section][et_pb_section fb_built=\u00a0\u00bb1&Prime; _builder_version=\u00a0\u00bb4.27.0&Prime; _module_preset=\u00a0\u00bbdefault\u00a0\u00bb background_color=\u00a0\u00bb#e2e2e2&Prime; custom_padding=\u00a0\u00bb4%||4%||true|false\u00a0\u00bb global_colors_info=\u00a0\u00bb{}\u00a0\u00bb][et_pb_row column_structure=\u00a0\u00bb1_2,1_2&Prime; make_equal=\u00a0\u00bbon\u00a0\u00bb _builder_version=\u00a0\u00bb4.27.0&Prime; _module_preset=\u00a0\u00bbdefault\u00a0\u00bb custom_padding=\u00a0\u00bb2px|||||\u00a0\u00bb global_colors_info=\u00a0\u00bb{}\u00a0\u00bb][et_pb_column type=\u00a0\u00bb1_2&Prime; _builder_version=\u00a0\u00bb4.19.5&Prime; _module_preset=\u00a0\u00bbdefault\u00a0\u00bb global_colors_info=\u00a0\u00bb{}\u00a0\u00bb][et_pb_text _builder_version=\u00a0\u00bb4.27.0&Prime; _module_preset=\u00a0\u00bb_initial\u00a0\u00bb header_text_align=\u00a0\u00bbleft\u00a0\u00bb header_text_color=\u00a0\u00bb#FFFFFF\u00a0\u00bb header_2_font=\u00a0\u00bbMontserrat|600||on|||||\u00a0\u00bb header_2_text_align=\u00a0\u00bbleft\u00a0\u00bb header_2_text_color=\u00a0\u00bb#444444&Prime; header_2_font_size=\u00a0\u00bb38px\u00a0\u00bb header_2_line_height=\u00a0\u00bb1.3em\u00a0\u00bb max_width=\u00a0\u00bb100%\u00a0\u00bb module_alignment=\u00a0\u00bbcenter\u00a0\u00bb custom_margin=\u00a0\u00bb||10px||false|false\u00a0\u00bb header_2_font_size_tablet=\u00a0\u00bb32px\u00a0\u00bb header_2_font_size_phone=\u00a0\u00bb20px\u00a0\u00bb header_2_font_size_last_edited=\u00a0\u00bbon|desktop\u00a0\u00bb global_colors_info=\u00a0\u00bb{}\u00a0\u00bb]<\/p>\n<h2>NOTRE VALEUR POUR VOUS<\/h2>\n<p>[\/et_pb_text][et_pb_text _builder_version=\u00a0\u00bb4.27.0&Prime; _module_preset=\u00a0\u00bb_initial\u00a0\u00bb text_font=\u00a0\u00bbMontserrat||||||||\u00a0\u00bb text_text_color=\u00a0\u00bb#444444&Prime; text_font_size=\u00a0\u00bb16px\u00a0\u00bb text_line_height=\u00a0\u00bb1.8em\u00a0\u00bb text_font_size_tablet=\u00a0\u00bb15px\u00a0\u00bb text_font_size_phone=\u00a0\u00bb14px\u00a0\u00bb text_font_size_last_edited=\u00a0\u00bbon|desktop\u00a0\u00bb global_colors_info=\u00a0\u00bb{}\u00a0\u00bb]<\/p>\n<ol>\n<li>Solutions cl\u00e9s en main pour nos partenaires.<\/li>\n<li>Une feuille de route \u00e9prouv\u00e9e dans l&rsquo;obtention de r\u00e9sultats concrets.<\/li>\n<li>Une \u00e9quipe avec des connaissances et des comp\u00e9tences approfondies dans leur domaine respectif.\n<ul>\n<li>Ventes<\/li>\n<li>Commercialisation<\/li>\n<li>Formation m\u00e9dicale<\/li>\n<li>Affaires r\u00e9glementaires<\/li>\n<li>Acc\u00e8s aux march\u00e9s<\/li>\n<li>Prix et remboursement<\/li>\n<li>R\u00e9sultats centr\u00e9s sur le bien-\u00eatre du patient<\/li>\n<\/ul>\n<\/li>\n<\/ol>\n<p>[\/et_pb_text][\/et_pb_column][et_pb_column type=\u00a0\u00bb1_2&Prime; _builder_version=\u00a0\u00bb4.19.5&Prime; _module_preset=\u00a0\u00bbdefault\u00a0\u00bb global_colors_info=\u00a0\u00bb{}\u00a0\u00bb][et_pb_image src=\u00a0\u00bbhttps:\/\/altiushealthcare.ca\/wp-content\/uploads\/2024\/09\/sloppy2158_web_stock_image_of_2_men_shaking_hands_2ac5580c-377b-4a39-bc75-c20397f0e93d.png\u00a0\u00bb title_text=\u00a0\u00bbsloppy2158_web_stock_image_of_2_men_shaking_hands_2ac5580c-377b-4a39-bc75-c20397f0e93d\u00a0\u00bb _builder_version=\u00a0\u00bb4.27.0&Prime; _module_preset=\u00a0\u00bbdefault\u00a0\u00bb global_colors_info=\u00a0\u00bb{}\u00a0\u00bb][\/et_pb_image][\/et_pb_column][\/et_pb_row][et_pb_row _builder_version=\u00a0\u00bb4.27.0&Prime; _module_preset=\u00a0\u00bbdefault\u00a0\u00bb global_colors_info=\u00a0\u00bb{}\u00a0\u00bb][et_pb_column type=\u00a0\u00bb4_4&Prime; _builder_version=\u00a0\u00bb4.27.0&Prime; _module_preset=\u00a0\u00bbdefault\u00a0\u00bb global_colors_info=\u00a0\u00bb{}\u00a0\u00bb][et_pb_text _builder_version=\u00a0\u00bb4.27.0&Prime; _module_preset=\u00a0\u00bb_initial\u00a0\u00bb header_text_align=\u00a0\u00bbleft\u00a0\u00bb header_text_color=\u00a0\u00bb#FFFFFF\u00a0\u00bb header_2_font=\u00a0\u00bbMontserrat|600||on|||||\u00a0\u00bb header_2_text_align=\u00a0\u00bbleft\u00a0\u00bb header_2_text_color=\u00a0\u00bb#444444&Prime; header_2_font_size=\u00a0\u00bb38px\u00a0\u00bb header_2_line_height=\u00a0\u00bb1.3em\u00a0\u00bb max_width=\u00a0\u00bb100%\u00a0\u00bb module_alignment=\u00a0\u00bbcenter\u00a0\u00bb custom_margin=\u00a0\u00bb||10px||false|false\u00a0\u00bb header_2_font_size_tablet=\u00a0\u00bb32px\u00a0\u00bb header_2_font_size_phone=\u00a0\u00bb20px\u00a0\u00bb header_2_font_size_last_edited=\u00a0\u00bbon|desktop\u00a0\u00bb global_colors_info=\u00a0\u00bb{}\u00a0\u00bb]<\/p>\n<h2>Nos partenaires<\/h2>\n<p>[\/et_pb_text][\/et_pb_column][\/et_pb_row][et_pb_row column_structure=\u00a0\u00bb1_3,1_3,1_3&Prime; make_equal=\u00a0\u00bbon\u00a0\u00bb _builder_version=\u00a0\u00bb4.27.0&Prime; _module_preset=\u00a0\u00bbdefault\u00a0\u00bb background_color=\u00a0\u00bb#FFFFFF\u00a0\u00bb custom_padding=\u00a0\u00bb20px||||false|false\u00a0\u00bb global_colors_info=\u00a0\u00bb{}\u00a0\u00bb][et_pb_column type=\u00a0\u00bb1_3&Prime; _builder_version=\u00a0\u00bb4.19.5&Prime; _module_preset=\u00a0\u00bbdefault\u00a0\u00bb global_colors_info=\u00a0\u00bb{}\u00a0\u00bb][et_pb_image src=\u00a0\u00bbhttps:\/\/altiushealthcare.ca\/wp-content\/uploads\/2024\/10\/Stragen-carre-2.png\u00a0\u00bb title_text=\u00a0\u00bbStragen-carr\u00e9-2&Prime; align=\u00a0\u00bbcenter\u00a0\u00bb _builder_version=\u00a0\u00bb4.27.0&Prime; _module_preset=\u00a0\u00bbdefault\u00a0\u00bb background_color=\u00a0\u00bbRGBA(255,255,255,0)\u00a0\u00bb border_radii=\u00a0\u00bbon|20px|20px|20px|20px\u00a0\u00bb global_colors_info=\u00a0\u00bb{}\u00a0\u00bb][\/et_pb_image][\/et_pb_column][et_pb_column type=\u00a0\u00bb1_3&Prime; _builder_version=\u00a0\u00bb4.19.5&Prime; _module_preset=\u00a0\u00bbdefault\u00a0\u00bb global_colors_info=\u00a0\u00bb{}\u00a0\u00bb][et_pb_image src=\u00a0\u00bbhttps:\/\/altiushealthcare.ca\/wp-content\/uploads\/2024\/10\/SunPharma-carre.png\u00a0\u00bb title_text=\u00a0\u00bbSunPharma-carr\u00e9\u00a0\u00bb align=\u00a0\u00bbcenter\u00a0\u00bb _builder_version=\u00a0\u00bb4.27.0&Prime; _module_preset=\u00a0\u00bbdefault\u00a0\u00bb background_color=\u00a0\u00bbRGBA(255,255,255,0)\u00a0\u00bb border_radii=\u00a0\u00bbon|20px|20px|20px|20px\u00a0\u00bb global_colors_info=\u00a0\u00bb{}\u00a0\u00bb][\/et_pb_image][\/et_pb_column][et_pb_column type=\u00a0\u00bb1_3&Prime; _builder_version=\u00a0\u00bb4.19.5&Prime; _module_preset=\u00a0\u00bbdefault\u00a0\u00bb global_colors_info=\u00a0\u00bb{}\u00a0\u00bb][et_pb_image src=\u00a0\u00bbhttps:\/\/altiushealthcare.ca\/wp-content\/uploads\/2024\/10\/Takeda-carre.png\u00a0\u00bb title_text=\u00a0\u00bbTakeda-carr\u00e9\u00a0\u00bb align=\u00a0\u00bbcenter\u00a0\u00bb _builder_version=\u00a0\u00bb4.27.0&Prime; _module_preset=\u00a0\u00bbdefault\u00a0\u00bb background_color=\u00a0\u00bbRGBA(255,255,255,0)\u00a0\u00bb border_radii=\u00a0\u00bbon|20px|20px|20px|20px\u00a0\u00bb global_colors_info=\u00a0\u00bb{}\u00a0\u00bb][\/et_pb_image][\/et_pb_column][\/et_pb_row][\/et_pb_section][et_pb_section fb_built=\u00a0\u00bb1&Prime; admin_label=\u00a0\u00bbServices\u00a0\u00bb _builder_version=\u00a0\u00bb4.27.0&Prime; _module_preset=\u00a0\u00bbdefault\u00a0\u00bb background_color=\u00a0\u00bb#002d74&Prime; background_image=\u00a0\u00bbhttps:\/\/altiushealthcare.ca\/wp-content\/uploads\/2024\/09\/health-clinic-7.png\u00a0\u00bb background_size=\u00a0\u00bbcustom\u00a0\u00bb background_image_width=\u00a0\u00bb12%\u00a0\u00bb background_image_height=\u00a0\u00bb0%\u00a0\u00bb background_position=\u00a0\u00bbbottom_left\u00a0\u00bb background_horizontal_offset=\u00a0\u00bb0vw\u00a0\u00bb background_vertical_offset=\u00a0\u00bb0vw\u00a0\u00bb background_blend=\u00a0\u00bbsoft-light\u00a0\u00bb custom_padding=\u00a0\u00bb4%||4%||true|false\u00a0\u00bb collapsed=\u00a0\u00bboff\u00a0\u00bb global_colors_info=\u00a0\u00bb{%22gcid-4dccef5c-a04c-4e7c-abbe-b1e880c58010%22:%91%22background_color%22%93}\u00a0\u00bb][et_pb_row _builder_version=\u00a0\u00bb4.27.0&Prime; _module_preset=\u00a0\u00bbdefault\u00a0\u00bb locked=\u00a0\u00bboff\u00a0\u00bb global_colors_info=\u00a0\u00bb{}\u00a0\u00bb][et_pb_column type=\u00a0\u00bb4_4&Prime; _builder_version=\u00a0\u00bb4.19.5&Prime; _module_preset=\u00a0\u00bbdefault\u00a0\u00bb global_colors_info=\u00a0\u00bb{}\u00a0\u00bb][et_pb_text _builder_version=\u00a0\u00bb4.27.2&Prime; _module_preset=\u00a0\u00bb_initial\u00a0\u00bb text_font=\u00a0\u00bbMontserrat||||||||\u00a0\u00bb text_text_color=\u00a0\u00bb#FFFFFF\u00a0\u00bb text_font_size=\u00a0\u00bb16px\u00a0\u00bb text_line_height=\u00a0\u00bb1.8em\u00a0\u00bb hover_enabled=\u00a0\u00bb0&Prime; text_font_size_tablet=\u00a0\u00bb15px\u00a0\u00bb text_font_size_phone=\u00a0\u00bb14px\u00a0\u00bb text_font_size_last_edited=\u00a0\u00bbon|desktop\u00a0\u00bb global_colors_info=\u00a0\u00bb{}\u00a0\u00bb sticky_enabled=\u00a0\u00bb0&Prime;]<\/p>\n<p>Les diverses comp\u00e9tences de notre \u00e9quipe s\u2019appuient sur plus de 40 ann\u00e9es d\u2019exp\u00e9rience dans la production, l\u2019importation, la commercialisation de m\u00e9dicaments de marque, de m\u00e9dicaments g\u00e9n\u00e9riques, d\u2019instruments m\u00e9dicaux ainsi que de produits de sant\u00e9 grand public. <\/p>\n<p>[\/et_pb_text][et_pb_button button_url=\u00a0\u00bb@ET-DC@eyJkeW5hbWljIjp0cnVlLCJjb250ZW50IjoicG9zdF9saW5rX3VybF9wYWdlIiwic2V0dGluZ3MiOnsicG9zdF9pZCI6Ijc1NCJ9fQ==@\u00a0\u00bb button_text=\u00a0\u00bb\u00c0 propos du Groupe Sant\u00e9 Altius S.E.C.\u00a0\u00bb button_alignment=\u00a0\u00bbcenter\u00a0\u00bb _builder_version=\u00a0\u00bb4.27.2&Prime; _dynamic_attributes=\u00a0\u00bbbutton_url\u00a0\u00bb _module_preset=\u00a0\u00bb_initial\u00a0\u00bb custom_button=\u00a0\u00bbon\u00a0\u00bb button_text_size=\u00a0\u00bb16px\u00a0\u00bb button_text_color=\u00a0\u00bb#000000&Prime; button_bg_color=\u00a0\u00bb#e8e8e8&Prime; button_border_width=\u00a0\u00bb0px\u00a0\u00bb button_border_radius=\u00a0\u00bb100px\u00a0\u00bb button_font=\u00a0\u00bbMontserrat||||||||\u00a0\u00bb custom_padding=\u00a0\u00bb20px|40px|20px|40px|true|true\u00a0\u00bb global_colors_info=\u00a0\u00bb{}\u00a0\u00bb][\/et_pb_button][\/et_pb_column][\/et_pb_row][\/et_pb_section][et_pb_section fb_built=\u00a0\u00bb1&Prime; admin_label=\u00a0\u00bbBlog\u00a0\u00bb _builder_version=\u00a0\u00bb4.27.0&Prime; _module_preset=\u00a0\u00bbdefault\u00a0\u00bb background_color=\u00a0\u00bbgcid-9464c34f-f9ff-43eb-9668-c958662e33fc\u00a0\u00bb background_enable_mask_style=\u00a0\u00bbon\u00a0\u00bb background_mask_style=\u00a0\u00bbdiagonal-pills\u00a0\u00bb background_mask_color=\u00a0\u00bb#dbdbdb\u00a0\u00bb background_mask_size=\u00a0\u00bbcover\u00a0\u00bb height=\u00a0\u00bb80vh\u00a0\u00bb custom_padding=\u00a0\u00bb14vh||14vh||true|false\u00a0\u00bb top_divider_style=\u00a0\u00bbramp2&Prime; top_divider_color=\u00a0\u00bb#002d74&Prime; top_divider_flip=\u00a0\u00bbvertical|horizontal\u00a0\u00bb bottom_divider_style=\u00a0\u00bbramp2&Prime; bottom_divider_color=\u00a0\u00bb#002d74&Prime; custom_css_main_element=\u00a0\u00bbdisplay:flex;\u00a0\u00bb global_module=\u00a0\u00bb782&Prime; saved_tabs=\u00a0\u00bball\u00a0\u00bb collapsed=\u00a0\u00bboff\u00a0\u00bb global_colors_info=\u00a0\u00bb{%22gcid-9464c34f-f9ff-43eb-9668-c958662e33fc%22:%91%22background_color%22%93}\u00a0\u00bb][\/et_pb_section]<\/p>\n","protected":false},"excerpt":{"rendered":"<p>Votre partenaire strat\u00e9gique au CanadaNous avons b\u00e2ti notre entreprise \u00e0 partir d\u2019alliances strat\u00e9giques avec des partenaires pharmaceutiques cl\u00e9s tirant parti de nos ressources, de notre expertise et de nos comp\u00e9tences afin de garantir un acc\u00e8s rapide au march\u00e9 pour nos produits. Nous agissons comme catalyseur en offrant \u00e0 nos partenaires la meilleure fa\u00e7on de prolonger [&hellip;]<\/p>\n","protected":false},"author":1,"featured_media":0,"parent":0,"menu_order":0,"comment_status":"closed","ping_status":"closed","template":"","meta":{"_et_pb_use_builder":"on","_et_pb_old_content":"","_et_gb_content_width":"","footnotes":""},"class_list":["post-1231","page","type-page","status-publish","hentry"],"_links":{"self":[{"href":"https:\/\/altiushealthcare.ca\/fr\/wp-json\/wp\/v2\/pages\/1231","targetHints":{"allow":["GET"]}}],"collection":[{"href":"https:\/\/altiushealthcare.ca\/fr\/wp-json\/wp\/v2\/pages"}],"about":[{"href":"https:\/\/altiushealthcare.ca\/fr\/wp-json\/wp\/v2\/types\/page"}],"author":[{"embeddable":true,"href":"https:\/\/altiushealthcare.ca\/fr\/wp-json\/wp\/v2\/users\/1"}],"replies":[{"embeddable":true,"href":"https:\/\/altiushealthcare.ca\/fr\/wp-json\/wp\/v2\/comments?post=1231"}],"version-history":[{"count":5,"href":"https:\/\/altiushealthcare.ca\/fr\/wp-json\/wp\/v2\/pages\/1231\/revisions"}],"predecessor-version":[{"id":1370,"href":"https:\/\/altiushealthcare.ca\/fr\/wp-json\/wp\/v2\/pages\/1231\/revisions\/1370"}],"wp:attachment":[{"href":"https:\/\/altiushealthcare.ca\/fr\/wp-json\/wp\/v2\/media?parent=1231"}],"curies":[{"name":"wp","href":"https:\/\/api.w.org\/{rel}","templated":true}]}}