{"id":1234,"date":"2024-09-03T18:27:36","date_gmt":"2024-09-03T22:27:36","guid":{"rendered":"https:\/\/altiushc.acxcomdev.com\/a-propos-de-nous\/"},"modified":"2024-10-30T13:44:27","modified_gmt":"2024-10-30T17:44:27","slug":"a-propos-de-nous","status":"publish","type":"page","link":"https:\/\/altiushealthcare.ca\/fr\/a-propos-de-nous\/","title":{"rendered":"\u00c0 propos de nous"},"content":{"rendered":"<p>[et_pb_section fb_built=\u00a0\u00bb1&Prime; _builder_version=\u00a0\u00bb4.27.0&Prime; _module_preset=\u00a0\u00bbdefault\u00a0\u00bb use_background_color_gradient=\u00a0\u00bbon\u00a0\u00bb background_color_gradient_stops=\u00a0\u00bbrgba(0,0,0,0) 0%|rgba(0,7,23,0.82) 78%|#00091f 94%\u00a0\u00bb background_color_gradient_overlays_image=\u00a0\u00bbon\u00a0\u00bb background_image=\u00a0\u00bbhttps:\/\/altiushealthcare.ca\/wp-content\/uploads\/2024\/09\/banner-pharma-altius-3.png\u00a0\u00bb custom_padding=\u00a0\u00bb10px||10px||true|false\u00a0\u00bb global_colors_info=\u00a0\u00bb{}\u00a0\u00bb][et_pb_row _builder_version=\u00a0\u00bb4.27.0&Prime; _module_preset=\u00a0\u00bbdefault\u00a0\u00bb width=\u00a0\u00bb90%\u00a0\u00bb max_width=\u00a0\u00bb90%\u00a0\u00bb global_colors_info=\u00a0\u00bb{}\u00a0\u00bb][et_pb_column type=\u00a0\u00bb4_4&Prime; _builder_version=\u00a0\u00bb4.27.0&Prime; _module_preset=\u00a0\u00bbdefault\u00a0\u00bb global_colors_info=\u00a0\u00bb{}\u00a0\u00bb][et_pb_post_title meta=\u00a0\u00bboff\u00a0\u00bb featured_image=\u00a0\u00bboff\u00a0\u00bb _builder_version=\u00a0\u00bb4.27.0&Prime; _module_preset=\u00a0\u00bbdefault\u00a0\u00bb title_font=\u00a0\u00bb|300|||||||\u00a0\u00bb title_text_color=\u00a0\u00bb#FFFFFF\u00a0\u00bb title_font_size=\u00a0\u00bb44px\u00a0\u00bb global_colors_info=\u00a0\u00bb{}\u00a0\u00bb][\/et_pb_post_title][\/et_pb_column][\/et_pb_row][\/et_pb_section][et_pb_section fb_built=\u00a0\u00bb1&Prime; next_background_color=\u00a0\u00bb#e2e2e2&Prime; _builder_version=\u00a0\u00bb4.27.0&Prime; _module_preset=\u00a0\u00bbdefault\u00a0\u00bb background_color=\u00a0\u00bb#002d74&Prime; use_background_color_gradient=\u00a0\u00bbon\u00a0\u00bb background_color_gradient_stops=\u00a0\u00bb#00081e 0%|#002d74 100%\u00a0\u00bb height=\u00a0\u00bb50px\u00a0\u00bb custom_margin=\u00a0\u00bb||-1px||false|false\u00a0\u00bb custom_padding=\u00a0\u00bb50px||50px||true|false\u00a0\u00bb bottom_divider_style=\u00a0\u00bbramp\u00a0\u00bb bottom_divider_height=\u00a0\u00bb70px\u00a0\u00bb global_colors_info=\u00a0\u00bb{}\u00a0\u00bb][\/et_pb_section][et_pb_section fb_built=\u00a0\u00bb1&Prime; _builder_version=\u00a0\u00bb4.27.0&Prime; _module_preset=\u00a0\u00bbdefault\u00a0\u00bb background_color=\u00a0\u00bb#e2e2e2&Prime; custom_padding=\u00a0\u00bb4%||4%||true|false\u00a0\u00bb global_colors_info=\u00a0\u00bb{}\u00a0\u00bb][et_pb_row column_structure=\u00a0\u00bb1_2,1_2&Prime; make_equal=\u00a0\u00bbon\u00a0\u00bb _builder_version=\u00a0\u00bb4.27.0&Prime; _module_preset=\u00a0\u00bbdefault\u00a0\u00bb global_colors_info=\u00a0\u00bb{}\u00a0\u00bb][et_pb_column type=\u00a0\u00bb1_2&Prime; _builder_version=\u00a0\u00bb4.19.5&Prime; _module_preset=\u00a0\u00bbdefault\u00a0\u00bb global_colors_info=\u00a0\u00bb{}\u00a0\u00bb][et_pb_image src=\u00a0\u00bbhttps:\/\/altiushealthcare.ca\/wp-content\/uploads\/2024\/09\/Pierre-Montanaro-Colour_2B.jpg\u00a0\u00bb title_text=\u00a0\u00bbPierre Montanaro Colour_2B\u00a0\u00bb align=\u00a0\u00bbcenter\u00a0\u00bb _builder_version=\u00a0\u00bb4.27.0&Prime; _module_preset=\u00a0\u00bbdefault\u00a0\u00bb width=\u00a0\u00bb100%\u00a0\u00bb min_height=\u00a0\u00bb400px\u00a0\u00bb global_colors_info=\u00a0\u00bb{}\u00a0\u00bb][\/et_pb_image][et_pb_toggle title=\u00a0\u00bb Pierre J. Montanaro &#8211; Pr\u00e9sident et chef de la direction\u00a0\u00bb _builder_version=\u00a0\u00bb4.27.0&Prime; _module_preset=\u00a0\u00bbdefault\u00a0\u00bb title_font=\u00a0\u00bb|700|||||||\u00a0\u00bb global_colors_info=\u00a0\u00bb{}\u00a0\u00bb]<\/p>\n<p>Un cadre sup\u00e9rieur passionn\u00e9 et dynamique avec plus de 40 ans d&rsquo;exp\u00e9rience pour des compagnies pharmaceutiques globale et soci\u00e9t\u00e9s priv\u00e9es.<\/p>\n<p><b>Type d&rsquo;entreprise<\/b><\/p>\n<p>M\u00e9dicaments d&rsquo;ordonnance, m\u00e9dicaments en vente libre et produits de sant\u00e9 naturels et marque priv\u00e9e<\/p>\n<p><b>Expertise<\/b><\/p>\n<p>D\u00e9velopper et fa\u00e7onner des strat\u00e9gies commerciales gagnantes, coaching et d\u00e9veloppement du personnel, gestion du cycle de vie des produits<\/p>\n<p><b>Exp\u00e9rience de travail<\/b><\/p>\n<p>TriumPharma Inc., Pharmetics, Pharmascience, Hoechst Marion Roussel, Marion Merrel Dow, McKesson, Burroughs-Wellcome, Smith &#038; Nephew, Gillette.<\/p>\n<p><b>Principales cat\u00e9gories de produits<\/b><\/p>\n<p>Cardiovasculaire, Antibiotiques, SNC, Oncologie, Dermatologie, Ophtalmologie, Diab\u00e8te, SNC, Allergie, Tractus gastro-intestinal, Toux et rhume et autres\u2026<\/p>\n<p>[\/et_pb_toggle][\/et_pb_column][et_pb_column type=\u00a0\u00bb1_2&Prime; _builder_version=\u00a0\u00bb4.19.5&Prime; _module_preset=\u00a0\u00bbdefault\u00a0\u00bb global_colors_info=\u00a0\u00bb{}\u00a0\u00bb][et_pb_image src=\u00a0\u00bbhttps:\/\/altiushealthcare.ca\/wp-content\/uploads\/2024\/09\/DSC9949B.jpg\u00a0\u00bb title_text=\u00a0\u00bb_DSC9949B\u00a0\u00bb align=\u00a0\u00bbcenter\u00a0\u00bb _builder_version=\u00a0\u00bb4.27.0&Prime; _module_preset=\u00a0\u00bbdefault\u00a0\u00bb width=\u00a0\u00bb100%\u00a0\u00bb min_height=\u00a0\u00bb400px\u00a0\u00bb global_colors_info=\u00a0\u00bb{}\u00a0\u00bb][\/et_pb_image][et_pb_toggle title=\u00a0\u00bbMario Lacoursi\u00e8re &#8211; Analyse et cha\u00eene d&#039;approvisionnement\u00a0\u00bb _builder_version=\u00a0\u00bb4.27.0&Prime; _module_preset=\u00a0\u00bbdefault\u00a0\u00bb title_font=\u00a0\u00bb|700|||||||\u00a0\u00bb global_colors_info=\u00a0\u00bb{}\u00a0\u00bb]<\/p>\n<p>CPA et directeur des ventes qui a commenc\u00e9 sa carri\u00e8re en travaillant pour dans des postes de finance et plus tard en commercialisation comme vice-pr\u00e9sident des ventes pour Pharmascience, le troisi\u00e8me plus grand fabricant de m\u00e9dicaments g\u00e9n\u00e9riques au Canada.<\/p>\n<p><b>Type d&rsquo;entreprise<\/b><\/p>\n<p>M\u00e9dicaments g\u00e9n\u00e9riques sur ordonnance<\/p>\n<p><b>Expertise<\/b><\/p>\n<p>Solides connaissances dans le domaine de la pharmacie de d\u00e9tail au Canada poss\u00e9dant une exp\u00e9rience \u00e9prouv\u00e9e dans le d\u00e9veloppement d\u2019opportunit\u00e9 d\u2019affaires avec les joueurs cl\u00e9s tels :  distributeurs, grossistes, pharmacie de d\u00e9tail et h\u00f4pitaux.<\/p>\n<p><b>Principales cat\u00e9gories de produits<\/b><\/p>\n<p>Produits g\u00e9n\u00e9riques Rx \u2013 Cardiovasculaire, Oncologie, Tractus gastro-intestinal, SNC, Diab\u00e8te etc&#8230;<\/p>\n<p>[\/et_pb_toggle][\/et_pb_column][\/et_pb_row][\/et_pb_section][et_pb_section fb_built=\u00a0\u00bb1&Prime; prev_background_color=\u00a0\u00bb#e2e2e2&Prime; _builder_version=\u00a0\u00bb4.27.0&Prime; _module_preset=\u00a0\u00bbdefault\u00a0\u00bb background_color=\u00a0\u00bb#FFFFFF\u00a0\u00bb custom_padding=\u00a0\u00bb4%||4%||true|false\u00a0\u00bb top_divider_style=\u00a0\u00bbslant\u00a0\u00bb global_colors_info=\u00a0\u00bb{}\u00a0\u00bb][et_pb_row column_structure=\u00a0\u00bb1_2,1_2&Prime; make_equal=\u00a0\u00bbon\u00a0\u00bb _builder_version=\u00a0\u00bb4.27.0&Prime; _module_preset=\u00a0\u00bbdefault\u00a0\u00bb global_colors_info=\u00a0\u00bb{}\u00a0\u00bb][et_pb_column type=\u00a0\u00bb1_2&Prime; _builder_version=\u00a0\u00bb4.19.5&Prime; _module_preset=\u00a0\u00bbdefault\u00a0\u00bb global_colors_info=\u00a0\u00bb{}\u00a0\u00bb][et_pb_image src=\u00a0\u00bbhttps:\/\/altiushealthcare.ca\/wp-content\/uploads\/2024\/10\/Pierre-T-rev.jpg\u00a0\u00bb title_text=\u00a0\u00bbPierre T rev\u00a0\u00bb align=\u00a0\u00bbcenter\u00a0\u00bb _builder_version=\u00a0\u00bb4.27.0&Prime; _module_preset=\u00a0\u00bbdefault\u00a0\u00bb width=\u00a0\u00bb100%\u00a0\u00bb min_height=\u00a0\u00bb400px\u00a0\u00bb global_colors_info=\u00a0\u00bb{}\u00a0\u00bb][\/et_pb_image][et_pb_toggle title=\u00a0\u00bbPierre Th\u00e9venot &#8211; Directeur des ventes nationales\u00a0\u00bb admin_label=\u00a0\u00bbToggle\u00a0\u00bb _builder_version=\u00a0\u00bb4.27.0&Prime; _module_preset=\u00a0\u00bbdefault\u00a0\u00bb title_font=\u00a0\u00bb|700|||||||\u00a0\u00bb global_colors_info=\u00a0\u00bb{}\u00a0\u00bb]<\/p>\n<p>Un directeur des ventes et comptes majeurs avec une capacit\u00e9 exceptionnelle \u00e0 \u00e9tablir des relations solides et durables au sein du r\u00e9seau de pharmacie de d\u00e9tail et et gross\u00eetes en m\u00e9dicaments. Exper pour faire cro\u00eetre les entreprises te ( J&amp;J , Pfizer, Aventis, HMR, Juno Pharma).<\/p>\n<p><b>Type d&rsquo;entreprise<\/b><\/p>\n<p>M\u00e9dicaments sur ordonnance, m\u00e9dicaments en vente libre, produits de sant\u00e9 naturels, produits g\u00e9n\u00e9riques et de marque priv\u00e9e.<\/p>\n<p><b>Expertise<\/b><\/p>\n<p>Solides connaissances de la pharmacie de d\u00e9tail au Canada avec une capacit\u00e9 \u00e9prouv\u00e9e \u00e0 d\u00e9velopper des opportunit\u00e9s d&rsquo;affaires avec des acteurs cl\u00e9s qui g\u00e8rent les cha\u00eenes d&rsquo;achats et d&rsquo;approvisionnement en pharmacie au Canada.<\/p>\n<p><b>Exp\u00e9rience de travail<\/b><\/p>\n<p>J&amp;J, Pfizer, Aventis, HMR, Juno Pharma.<\/p>\n<p class=\"xmsonormal\" style=\"line-height: 115%;\"><b>Principales cat\u00e9gories de produits<\/b><\/p>\n<p>Analg\u00e9siques, allergie, maladie gastro-intestinal, toux et rhume, th\u00e9rapie de remplacement de la nicotine, soins de la peau, soins des plaies, vitamines et min\u00e9raux<\/p>\n<p>[\/et_pb_toggle][\/et_pb_column][et_pb_column type=\u00a0\u00bb1_2&Prime; _builder_version=\u00a0\u00bb4.19.5&Prime; _module_preset=\u00a0\u00bbdefault\u00a0\u00bb global_colors_info=\u00a0\u00bb{}\u00a0\u00bb][et_pb_image src=\u00a0\u00bbhttps:\/\/altiushealthcare.ca\/wp-content\/uploads\/2024\/10\/Ian-Hilley-2.png\u00a0\u00bb title_text=\u00a0\u00bbIan Hilley-2&Prime; align=\u00a0\u00bbcenter\u00a0\u00bb _builder_version=\u00a0\u00bb4.27.0&Prime; _module_preset=\u00a0\u00bbdefault\u00a0\u00bb width=\u00a0\u00bb100%\u00a0\u00bb min_height=\u00a0\u00bb400px\u00a0\u00bb hover_enabled=\u00a0\u00bb0&Prime; global_colors_info=\u00a0\u00bb{}\u00a0\u00bb sticky_enabled=\u00a0\u00bb0&Prime;][\/et_pb_image][et_pb_toggle title=\u00a0\u00bbIan Hilley &#8211; Consultant interne &#8211; Acc\u00e8s au march\u00e9\u00a0\u00bb admin_label=\u00a0\u00bbToggle\u00a0\u00bb _builder_version=\u00a0\u00bb4.27.0&Prime; _module_preset=\u00a0\u00bbdefault\u00a0\u00bb title_font=\u00a0\u00bb|700|||||||\u00a0\u00bb global_colors_info=\u00a0\u00bb{}\u00a0\u00bb]<\/p>\n<p>Un cadre sup\u00e9rieur avec plus de 35 ans d&rsquo;exp\u00e9rience dans la commercialisation de produits pharmaceutiques au Canada et ailleurs en Europe, \u00c9tats-Unis, Br\u00e9sil et au Mexique. Solide exp\u00e9rience dans le d\u00e9veloppement du d\u00e9veloppement des affaires, le marketing, la gestion de projet et les affaires r\u00e9glementaires.<\/p>\n<p><b>Type d&rsquo;entreprise<\/b><\/p>\n<p>M\u00e9dicaments sur ordonnance<\/p>\n<p><b>Expertise<\/b><\/p>\n<p>Pr\u00e9sident de Hilley Pharma Advisors (HPA) offrant des conseils strat\u00e9giques et des services de conseil aux clients d\u2019entreprises pharmaceutique le plus souvent li\u00e9s \u00e0 la strat\u00e9gie commerciale, \u00e0 l&rsquo;acc\u00e8s au march\u00e9, aux payeurs et aux prix.<\/p>\n<p><b>Exp\u00e9rience de travail<\/b><\/p>\n<p>Vice-pr\u00e9sident, Affaires gouvernementales et acc\u00e8s aux march\u00e9s chez Mylan Canada.<\/p>\n<p><b>Principales cat\u00e9gories de produits<\/b><\/p>\n<p>Rx g\u00e9n\u00e9riques, anti-infectieux, cardiologie, SNC, oncologie, urologie, maladie gastro-intestinale etc&#8230;<\/p>\n<p>[\/et_pb_toggle][\/et_pb_column][\/et_pb_row][\/et_pb_section][et_pb_section fb_built=\u00a0\u00bb1&Prime; admin_label=\u00a0\u00bbServices\u00a0\u00bb _builder_version=\u00a0\u00bb4.27.0&Prime; _module_preset=\u00a0\u00bbdefault\u00a0\u00bb background_color=\u00a0\u00bb#002d74&Prime; background_image=\u00a0\u00bbhttps:\/\/altiushealthcare.ca\/wp-content\/uploads\/2024\/09\/health-clinic-7.png\u00a0\u00bb background_size=\u00a0\u00bbcustom\u00a0\u00bb background_image_width=\u00a0\u00bb12%\u00a0\u00bb background_image_height=\u00a0\u00bb0%\u00a0\u00bb background_position=\u00a0\u00bbbottom_left\u00a0\u00bb background_horizontal_offset=\u00a0\u00bb0vw\u00a0\u00bb background_vertical_offset=\u00a0\u00bb0vw\u00a0\u00bb background_blend=\u00a0\u00bbsoft-light\u00a0\u00bb custom_padding=\u00a0\u00bb4%||4%||true|false\u00a0\u00bb collapsed=\u00a0\u00bboff\u00a0\u00bb global_colors_info=\u00a0\u00bb{%22gcid-4dccef5c-a04c-4e7c-abbe-b1e880c58010%22:%91%22background_color%22%93}\u00a0\u00bb][et_pb_row _builder_version=\u00a0\u00bb4.27.0&Prime; _module_preset=\u00a0\u00bbdefault\u00a0\u00bb locked=\u00a0\u00bboff\u00a0\u00bb global_colors_info=\u00a0\u00bb{}\u00a0\u00bb][et_pb_column type=\u00a0\u00bb4_4&Prime; _builder_version=\u00a0\u00bb4.19.5&Prime; _module_preset=\u00a0\u00bbdefault\u00a0\u00bb global_colors_info=\u00a0\u00bb{}\u00a0\u00bb][et_pb_text _builder_version=\u00a0\u00bb4.27.0&Prime; _module_preset=\u00a0\u00bb_initial\u00a0\u00bb text_font=\u00a0\u00bbMontserrat|300|||||||\u00a0\u00bb text_text_color=\u00a0\u00bb#FFFFFF\u00a0\u00bb text_font_size=\u00a0\u00bb36px\u00a0\u00bb text_line_height=\u00a0\u00bb1.5em\u00a0\u00bb text_orientation=\u00a0\u00bbcenter\u00a0\u00bb text_font_size_tablet=\u00a0\u00bb15px\u00a0\u00bb text_font_size_phone=\u00a0\u00bb14px\u00a0\u00bb text_font_size_last_edited=\u00a0\u00bbon|desktop\u00a0\u00bb global_colors_info=\u00a0\u00bb{}\u00a0\u00bb]<\/p>\n<p><span>D\u00e9couvrez notre gamme compl\u00e8te de produits con\u00e7us pour r\u00e9pondre \u00e0 vos besoins en mati\u00e8re de sant\u00e9.<\/span><\/p>\n<p>[\/et_pb_text][et_pb_button button_url=\u00a0\u00bb@ET-DC@eyJkeW5hbWljIjp0cnVlLCJjb250ZW50IjoicG9zdF9saW5rX3VybF9wYWdlIiwic2V0dGluZ3MiOnsicG9zdF9pZCI6Ijc1OSJ9fQ==@\u00a0\u00bb button_text=\u00a0\u00bbNos produits\u00a0\u00bb button_alignment=\u00a0\u00bbcenter\u00a0\u00bb _builder_version=\u00a0\u00bb4.27.0&Prime; _dynamic_attributes=\u00a0\u00bbbutton_url\u00a0\u00bb _module_preset=\u00a0\u00bb_initial\u00a0\u00bb custom_button=\u00a0\u00bbon\u00a0\u00bb button_text_size=\u00a0\u00bb16px\u00a0\u00bb button_text_color=\u00a0\u00bb#000000&Prime; button_bg_color=\u00a0\u00bb#e8e8e8&Prime; button_border_width=\u00a0\u00bb0px\u00a0\u00bb button_border_radius=\u00a0\u00bb100px\u00a0\u00bb button_font=\u00a0\u00bbMontserrat||||||||\u00a0\u00bb custom_padding=\u00a0\u00bb20px|40px|20px|40px|true|true\u00a0\u00bb global_colors_info=\u00a0\u00bb{}\u00a0\u00bb][\/et_pb_button][\/et_pb_column][\/et_pb_row][\/et_pb_section][et_pb_section fb_built=\u00a0\u00bb1&Prime; admin_label=\u00a0\u00bbBlog\u00a0\u00bb _builder_version=\u00a0\u00bb4.27.0&Prime; _module_preset=\u00a0\u00bbdefault\u00a0\u00bb background_color=\u00a0\u00bbgcid-9464c34f-f9ff-43eb-9668-c958662e33fc\u00a0\u00bb background_enable_mask_style=\u00a0\u00bbon\u00a0\u00bb background_mask_style=\u00a0\u00bbdiagonal-pills\u00a0\u00bb background_mask_color=\u00a0\u00bb#dbdbdb\u00a0\u00bb background_mask_size=\u00a0\u00bbcover\u00a0\u00bb height=\u00a0\u00bb80vh\u00a0\u00bb custom_padding=\u00a0\u00bb14vh||14vh||true|false\u00a0\u00bb top_divider_style=\u00a0\u00bbramp2&Prime; top_divider_color=\u00a0\u00bb#002d74&Prime; top_divider_flip=\u00a0\u00bbvertical|horizontal\u00a0\u00bb bottom_divider_style=\u00a0\u00bbramp2&Prime; bottom_divider_color=\u00a0\u00bb#002d74&Prime; custom_css_main_element=\u00a0\u00bbdisplay:flex;\u00a0\u00bb global_module=\u00a0\u00bb782&Prime; saved_tabs=\u00a0\u00bball\u00a0\u00bb collapsed=\u00a0\u00bboff\u00a0\u00bb global_colors_info=\u00a0\u00bb{%22gcid-9464c34f-f9ff-43eb-9668-c958662e33fc%22:%91%22background_color%22%93}\u00a0\u00bb][et_pb_row _builder_version=\u00a0\u00bb4.27.0&Prime; _module_preset=\u00a0\u00bbdefault\u00a0\u00bb global_colors_info=\u00a0\u00bb{}\u00a0\u00bb][et_pb_column type=\u00a0\u00bb4_4&Prime; _builder_version=\u00a0\u00bb4.27.0&Prime; _module_preset=\u00a0\u00bbdefault\u00a0\u00bb global_colors_info=\u00a0\u00bb{}\u00a0\u00bb][et_pb_text admin_label=\u00a0\u00bbSubscribe to get corporate news and press releases\u00a0\u00bb _builder_version=\u00a0\u00bb4.27.0&Prime; _module_preset=\u00a0\u00bb_initial\u00a0\u00bb header_2_font=\u00a0\u00bbMontserrat|600||on|||||\u00a0\u00bb header_2_text_align=\u00a0\u00bbcenter\u00a0\u00bb header_2_font_size=\u00a0\u00bb38px\u00a0\u00bb header_2_line_height=\u00a0\u00bb1.3em\u00a0\u00bb max_width=\u00a0\u00bb60%\u00a0\u00bb module_alignment=\u00a0\u00bbcenter\u00a0\u00bb custom_margin=\u00a0\u00bb||10px||false|false\u00a0\u00bb header_2_font_size_tablet=\u00a0\u00bb32px\u00a0\u00bb header_2_font_size_phone=\u00a0\u00bb20px\u00a0\u00bb header_2_font_size_last_edited=\u00a0\u00bbon|desktop\u00a0\u00bb global_colors_info=\u00a0\u00bb{}\u00a0\u00bb]<\/p>\n<h2>Abonnez-vous pour recevoir des nouvelles et des communiques de presse de l\u2019entreprise.<\/h2>\n<p>[\/et_pb_text][et_pb_button button_text=\u00a0\u00bbS&#039;abonner\u00a0\u00bb button_alignment=\u00a0\u00bbcenter\u00a0\u00bb admin_label=\u00a0\u00bbButton &#8211; Subscribe\u00a0\u00bb _builder_version=\u00a0\u00bb4.27.0&Prime; _module_preset=\u00a0\u00bb_initial\u00a0\u00bb custom_button=\u00a0\u00bbon\u00a0\u00bb button_text_size=\u00a0\u00bb16px\u00a0\u00bb button_text_color=\u00a0\u00bb#000000&Prime; button_bg_color=\u00a0\u00bb#e8e8e8&Prime; button_border_width=\u00a0\u00bb0px\u00a0\u00bb button_border_radius=\u00a0\u00bb100px\u00a0\u00bb button_font=\u00a0\u00bbMontserrat||||||||\u00a0\u00bb custom_padding=\u00a0\u00bb20px|40px|20px|40px|true|true\u00a0\u00bb box_shadow_style=\u00a0\u00bbpreset1&Prime; global_colors_info=\u00a0\u00bb{}\u00a0\u00bb][\/et_pb_button][\/et_pb_column][\/et_pb_row][\/et_pb_section]<\/p>\n","protected":false},"excerpt":{"rendered":"<p>Un cadre sup\u00e9rieur passionn\u00e9 et dynamique avec plus de 40 ans d&rsquo;exp\u00e9rience pour des compagnies pharmaceutiques globale et soci\u00e9t\u00e9s priv\u00e9es. Type d&rsquo;entreprise M\u00e9dicaments d&rsquo;ordonnance, m\u00e9dicaments en vente libre et produits de sant\u00e9 naturels et marque priv\u00e9e Expertise D\u00e9velopper et fa\u00e7onner des strat\u00e9gies commerciales gagnantes, coaching et d\u00e9veloppement du personnel, gestion du cycle de vie des [&hellip;]<\/p>\n","protected":false},"author":1,"featured_media":0,"parent":0,"menu_order":0,"comment_status":"closed","ping_status":"closed","template":"","meta":{"_et_pb_use_builder":"on","_et_pb_old_content":"","_et_gb_content_width":"","footnotes":""},"class_list":["post-1234","page","type-page","status-publish","hentry"],"_links":{"self":[{"href":"https:\/\/altiushealthcare.ca\/fr\/wp-json\/wp\/v2\/pages\/1234","targetHints":{"allow":["GET"]}}],"collection":[{"href":"https:\/\/altiushealthcare.ca\/fr\/wp-json\/wp\/v2\/pages"}],"about":[{"href":"https:\/\/altiushealthcare.ca\/fr\/wp-json\/wp\/v2\/types\/page"}],"author":[{"embeddable":true,"href":"https:\/\/altiushealthcare.ca\/fr\/wp-json\/wp\/v2\/users\/1"}],"replies":[{"embeddable":true,"href":"https:\/\/altiushealthcare.ca\/fr\/wp-json\/wp\/v2\/comments?post=1234"}],"version-history":[{"count":5,"href":"https:\/\/altiushealthcare.ca\/fr\/wp-json\/wp\/v2\/pages\/1234\/revisions"}],"predecessor-version":[{"id":1311,"href":"https:\/\/altiushealthcare.ca\/fr\/wp-json\/wp\/v2\/pages\/1234\/revisions\/1311"}],"wp:attachment":[{"href":"https:\/\/altiushealthcare.ca\/fr\/wp-json\/wp\/v2\/media?parent=1234"}],"curies":[{"name":"wp","href":"https:\/\/api.w.org\/{rel}","templated":true}]}}